{"id":4575,"date":"2024-05-13T14:20:30","date_gmt":"2024-05-13T17:20:30","guid":{"rendered":"https:\/\/neurograff.com.br\/?post_type=product&#038;p=4575"},"modified":"2024-05-13T17:41:37","modified_gmt":"2024-05-13T20:41:37","slug":"conjunto-de-eletrodos-1m","status":"publish","type":"product","link":"https:\/\/neurograff.com.br\/?product=conjunto-de-eletrodos-1m","title":{"rendered":"Conjunto de eletrodos &#8211; 1m"},"content":{"rendered":"<p>&nbsp;<\/p>\n<p style=\"padding-left: 40px;\">Conjunto com 5 eletrodos de ouro para condu\u00e7\u00e3o dos potenciais eletrofisiol\u00f3gicos.<\/p>\n<p>&nbsp;<\/p>\n<p><strong>Caracter\u00edsticas<\/strong><\/p>\n<ul>\n<li>Banhado \u00e0 ouro<\/li>\n<li>Quantidade de eletrodos: 5<\/li>\n<li>Comprimento do cabo: 1 metro<\/li>\n<\/ul>\n","protected":false},"excerpt":{"rendered":"<p>Acess\u00f3rio<\/p>\n","protected":false},"featured_media":4611,"comment_status":"open","ping_status":"closed","template":"","meta":{"_jet_sm_ready_style":"","_jet_sm_style":"","_jet_sm_controls_values":"","_jet_sm_fonts_collection":"","_jet_sm_fonts_links":""},"product_cat":[33],"product_tag":[],"class_list":{"0":"post-4575","1":"product","2":"type-product","3":"status-publish","4":"has-post-thumbnail","6":"product_cat-acessorios","8":"first","9":"instock","10":"shipping-taxable","11":"product-type-simple"},"_links":{"self":[{"href":"https:\/\/neurograff.com.br\/index.php?rest_route=\/wp\/v2\/product\/4575","targetHints":{"allow":["GET"]}}],"collection":[{"href":"https:\/\/neurograff.com.br\/index.php?rest_route=\/wp\/v2\/product"}],"about":[{"href":"https:\/\/neurograff.com.br\/index.php?rest_route=\/wp\/v2\/types\/product"}],"replies":[{"embeddable":true,"href":"https:\/\/neurograff.com.br\/index.php?rest_route=%2Fwp%2Fv2%2Fcomments&post=4575"}],"wp:featuredmedia":[{"embeddable":true,"href":"https:\/\/neurograff.com.br\/index.php?rest_route=\/wp\/v2\/media\/4611"}],"wp:attachment":[{"href":"https:\/\/neurograff.com.br\/index.php?rest_route=%2Fwp%2Fv2%2Fmedia&parent=4575"}],"wp:term":[{"taxonomy":"product_cat","embeddable":true,"href":"https:\/\/neurograff.com.br\/index.php?rest_route=%2Fwp%2Fv2%2Fproduct_cat&post=4575"},{"taxonomy":"product_tag","embeddable":true,"href":"https:\/\/neurograff.com.br\/index.php?rest_route=%2Fwp%2Fv2%2Fproduct_tag&post=4575"}],"curies":[{"name":"wp","href":"https:\/\/api.w.org\/{rel}","templated":true}]}}