{"id":4573,"date":"2024-05-13T14:16:56","date_gmt":"2024-05-13T17:16:56","guid":{"rendered":"https:\/\/neurograff.com.br\/?post_type=product&#038;p=4573"},"modified":"2026-03-16T10:56:42","modified_gmt":"2026-03-16T13:56:42","slug":"pasta-condutora","status":"publish","type":"product","link":"https:\/\/neurograff.com.br\/?product=pasta-condutora","title":{"rendered":"Pasta condutora"},"content":{"rendered":"<p>&nbsp;<\/p>\n<p>Creme adesivo condutivo para detec\u00e7\u00e3o de potenciais eletrofisiol\u00f3gicos.<\/p>\n<p>&nbsp;<\/p>\n<p><strong>Caracter\u00edsticas<\/strong><\/p>\n<ul>\n<li>Peso: 200g<\/li>\n<li>T\u00f3xica: N\u00e3o<\/li>\n<\/ul>\n","protected":false},"excerpt":{"rendered":"<p>Acess\u00f3rio<\/p>\n","protected":false},"featured_media":6526,"comment_status":"open","ping_status":"closed","template":"","meta":{"_jet_sm_ready_style":"","_jet_sm_style":"","_jet_sm_controls_values":"","_jet_sm_fonts_collection":"","_jet_sm_fonts_links":""},"product_cat":[33],"product_tag":[],"class_list":{"0":"post-4573","1":"product","2":"type-product","3":"status-publish","4":"has-post-thumbnail","6":"product_cat-acessorios","8":"first","9":"instock","10":"shipping-taxable","11":"product-type-simple"},"_links":{"self":[{"href":"https:\/\/neurograff.com.br\/index.php?rest_route=\/wp\/v2\/product\/4573","targetHints":{"allow":["GET"]}}],"collection":[{"href":"https:\/\/neurograff.com.br\/index.php?rest_route=\/wp\/v2\/product"}],"about":[{"href":"https:\/\/neurograff.com.br\/index.php?rest_route=\/wp\/v2\/types\/product"}],"replies":[{"embeddable":true,"href":"https:\/\/neurograff.com.br\/index.php?rest_route=%2Fwp%2Fv2%2Fcomments&post=4573"}],"wp:featuredmedia":[{"embeddable":true,"href":"https:\/\/neurograff.com.br\/index.php?rest_route=\/wp\/v2\/media\/6526"}],"wp:attachment":[{"href":"https:\/\/neurograff.com.br\/index.php?rest_route=%2Fwp%2Fv2%2Fmedia&parent=4573"}],"wp:term":[{"taxonomy":"product_cat","embeddable":true,"href":"https:\/\/neurograff.com.br\/index.php?rest_route=%2Fwp%2Fv2%2Fproduct_cat&post=4573"},{"taxonomy":"product_tag","embeddable":true,"href":"https:\/\/neurograff.com.br\/index.php?rest_route=%2Fwp%2Fv2%2Fproduct_tag&post=4573"}],"curies":[{"name":"wp","href":"https:\/\/api.w.org\/{rel}","templated":true}]}}