{"id":4556,"date":"2024-05-13T11:23:37","date_gmt":"2024-05-13T14:23:37","guid":{"rendered":"https:\/\/neurograff.com.br\/?post_type=product&#038;p=4556"},"modified":"2024-05-14T17:07:50","modified_gmt":"2024-05-14T20:07:50","slug":"sivec-plus-ex","status":"publish","type":"product","link":"https:\/\/neurograff.com.br\/?product=sivec-plus-ex","title":{"rendered":"Sivec Plus &#8211; EX"},"content":{"rendered":"<p>&nbsp;<\/p>\n<p style=\"padding-left: 40px;\"><span class=\"ui-provider ej bnx un bny bnz boa bob boc bod boe bof bog boh boi boj bok bol bom bon boo bop boq bor bos bot bou bov bow box boy boz bpa bpb bpc bpd\" dir=\"ltr\">Equipado com um software leve, simples e intuitivo, reduz consideravelmente o alto custo com poder computacional. Possui a assistente de voz Neurograff &#8211; Avine integrada no sistema, fornecendo orienta\u00e7\u00f5es por voz, entendendo e executando comandos do profissional realizador do exame. Com sua tecnologia com eletrodos possibilita o monitoramento simult\u00e2neo dos dois olhos. O software avalia cada tilt, fazendo a detec\u00e7\u00e3o autom\u00e1ticas das sacadas corretivas e calculando par\u00e2metros como lat\u00eancia e velocidade angular. Al\u00e9m de tudo, fornece um relat\u00f3rio completo com todos os valores e gr\u00e1ficos comparativos de assimetria para um diagn\u00f3stico completo e preciso.<\/span><\/p>\n<p>&nbsp;<\/p>\n<p><strong>Caracter\u00edsticas<\/strong><\/p>\n<p style=\"padding-left: 40px;\">O pacote Sivec Plus &#8211; EX inclui os seguintes m\u00f3dulos e acess\u00f3rios:<\/p>\n<ul>\n<li style=\"list-style-type: none;\">\n<ul>\n<li><em>MAC &#8211; Modulo principal<\/em><\/li>\n<li><em>MES &#8211; Acoplador para os eletrodos<\/em><\/li>\n<li><em>MIP &#8211; Sensor de movimenta\u00e7\u00e3o da cabe\u00e7a<\/em><\/li>\n<li><em>Conjunto de eletrodos ouro &#8211; 80cm<\/em><\/li>\n<li><em>Pasta condutora<\/em><\/li>\n<li><em>Cabo USB<\/em><\/li>\n<li><em>Case<\/em><\/li>\n<li><em>Maleta<\/em><\/li>\n<li><em>Software Sivec Plus Vers\u00e3o EX<\/em><\/li>\n<li><em>Manual de instru\u00e7\u00f5es<\/em><\/li>\n<li><em>Acesso ao painel exclusivo de tutoriais e atualiza\u00e7\u00f5es Neurograff<\/em><\/li>\n<\/ul>\n<\/li>\n<\/ul>\n<p>&nbsp;<\/p>\n<p><strong>Dimens\u00f5es<\/strong><\/p>\n<ul>\n<li><em>MAC <\/em>(7.5cm x 15cm x 2.5cm)<\/li>\n<li><em>MES <\/em>(3.5cm x 5cm x 3cm)<\/li>\n<li><em>MIP<\/em> (16cm x 2.5cm x 1.5cm)<\/li>\n<\/ul>\n<p>&nbsp;<\/p>\n<p><strong>Informa\u00e7\u00f5es<\/strong><\/p>\n<p style=\"padding-left: 40px;\">Calibra\u00e7\u00e3o: Equipamento sai calibrado de f\u00e1brica, vencimento em 12 meses<\/p>\n<p style=\"padding-left: 40px;\">An\u00e1lise autom\u00e1tica e detec\u00e7\u00e3o de sacadas corretivas: Sim<\/p>\n<p style=\"padding-left: 40px;\">Monitora olhos simultaneamente:\u00a0 Sim<\/p>\n<p style=\"padding-left: 40px;\">Representa\u00e7\u00e3o gr\u00e1fica dos olhos: Sim<\/p>\n<p style=\"padding-left: 40px;\">Permite eletrodos descart\u00e1veis: N\u00e3o<\/p>\n<p style=\"padding-left: 40px;\">Assistente de voz AVINE: Sim<\/p>\n<p style=\"padding-left: 40px;\">Relat\u00f3rio em PDF: Sim<\/p>\n<p style=\"padding-left: 40px;\"><em>Canais analisados:<\/em><\/p>\n<ol>\n<li style=\"list-style-type: none;\">\n<ol>\n<li><em>Lateral Esquerdo<\/em><\/li>\n<li><em>Lateral Direito<\/em><\/li>\n<li><em>Anterior Esquerdo<\/em><\/li>\n<li><em>Anterior Direito<\/em><\/li>\n<li><em>Posterior Esquerdo<\/em><\/li>\n<li><em>Posterior Direito<\/em><\/li>\n<\/ol>\n<\/li>\n<\/ol>\n<p>&nbsp;<\/p>\n<p><strong>Requisitos m\u00ednimos do software<\/strong><\/p>\n<ul>\n<li><em>Sistema Operacional Windows 10 (64 bit) ou superior<\/em><\/li>\n<li><em>Espa\u00e7o livre de armazenamento 2GB (m\u00ednimo)<\/em><\/li>\n<li><em>Mem\u00f3ria RAM de 4GB (recomendado)<\/em><\/li>\n<li><em>Acesso \u00e0 internet (para instala\u00e7\u00e3o)<\/em><\/li>\n<li><em>Processador de 2GHz ou superior<\/em><\/li>\n<li><em>1 porta USB2.0 dispon\u00edvel<\/em><\/li>\n<li><em>1 sa\u00edda HDMI<\/em><\/li>\n<\/ul>\n","protected":false},"excerpt":{"rendered":"<p><span class=\"ui-provider ej bnx un bny bnz boa bob boc bod boe bof bog boh boi boj bok bol bom bon boo bop boq bor bos bot bou bov bow box boy boz bpa bpb bpc bpd\" dir=\"ltr\">Realize os testes de impulso cef\u00e1lico com o m\u00f3dulo E-HIT com a precis\u00e3o e qualidade Neurograff. <\/span><\/p>\n","protected":false},"featured_media":4603,"comment_status":"open","ping_status":"closed","template":"","meta":{"_jet_sm_ready_style":"","_jet_sm_style":"","_jet_sm_controls_values":"","_jet_sm_fonts_collection":"","_jet_sm_fonts_links":""},"product_cat":[23],"product_tag":[],"class_list":{"0":"post-4556","1":"product","2":"type-product","3":"status-publish","4":"has-post-thumbnail","6":"product_cat-produtos-sivec","8":"first","9":"instock","10":"shipping-taxable","11":"product-type-simple"},"_links":{"self":[{"href":"https:\/\/neurograff.com.br\/index.php?rest_route=\/wp\/v2\/product\/4556","targetHints":{"allow":["GET"]}}],"collection":[{"href":"https:\/\/neurograff.com.br\/index.php?rest_route=\/wp\/v2\/product"}],"about":[{"href":"https:\/\/neurograff.com.br\/index.php?rest_route=\/wp\/v2\/types\/product"}],"replies":[{"embeddable":true,"href":"https:\/\/neurograff.com.br\/index.php?rest_route=%2Fwp%2Fv2%2Fcomments&post=4556"}],"wp:featuredmedia":[{"embeddable":true,"href":"https:\/\/neurograff.com.br\/index.php?rest_route=\/wp\/v2\/media\/4603"}],"wp:attachment":[{"href":"https:\/\/neurograff.com.br\/index.php?rest_route=%2Fwp%2Fv2%2Fmedia&parent=4556"}],"wp:term":[{"taxonomy":"product_cat","embeddable":true,"href":"https:\/\/neurograff.com.br\/index.php?rest_route=%2Fwp%2Fv2%2Fproduct_cat&post=4556"},{"taxonomy":"product_tag","embeddable":true,"href":"https:\/\/neurograff.com.br\/index.php?rest_route=%2Fwp%2Fv2%2Fproduct_tag&post=4556"}],"curies":[{"name":"wp","href":"https:\/\/api.w.org\/{rel}","templated":true}]}}