{"id":4552,"date":"2024-05-13T11:14:23","date_gmt":"2024-05-13T14:14:23","guid":{"rendered":"https:\/\/neurograff.com.br\/?post_type=product&#038;p=4552"},"modified":"2024-07-02T13:23:27","modified_gmt":"2024-07-02T16:23:27","slug":"sivec-plus-vx","status":"publish","type":"product","link":"https:\/\/neurograff.com.br\/?product=sivec-plus-vx","title":{"rendered":"Sivec Plus &#8211; VX"},"content":{"rendered":"<p>&nbsp;<\/p>\n<p style=\"padding-left: 40px;\"><span class=\"ui-provider ej bnx un bny bnz boa bob boc bod boe bof bog boh boi boj bok bol bom bon boo bop boq bor bos bot bou bov bow box boy boz bpa bpb bpc bpd\" dir=\"ltr\">Equipado com um software leve, simples e intuitivo, reduz consideravelmente a dura\u00e7\u00e3o dos exames e o alto custo com poder computacional. Fornece instru\u00e7\u00f5es de voz durante todo o exame. \u00c9 capaz de analisar automaticamente ou manualmente os tra\u00e7ados atrav\u00e9s de complexos c\u00e1lculos matem\u00e1ticos. Oferece uma anima\u00e7\u00e3o gr\u00e1fica em tempo real da movimenta\u00e7\u00e3o ocular do paciente. Os est\u00edmulos visuais s\u00e3o reproduzidos diretamente em uma TV, monitor, ou projetor. Possui um relat\u00f3rio completo e simples de entender, com todas informa\u00e7\u00f5es e gr\u00e1ficos necess\u00e1rios para um diagn\u00f3stico completo e preciso. Al\u00e9m de todos os recursos, a melhoria no hardware do equipamento \u00e9 evidente e surpreende com seu tamanho compacto e redu\u00e7\u00e3o dos problemas de\u00a0interfer\u00eancia.<\/span><\/p>\n<p>&nbsp;<\/p>\n<p><strong>Caracter\u00edsticas<\/strong><\/p>\n<p style=\"padding-left: 40px;\">O pacote Sivec Plus &#8211; VX inclui os seguintes m\u00f3dulos e acess\u00f3rios:<\/p>\n<ul>\n<li style=\"list-style-type: none;\">\n<ul>\n<li><em>MAC &#8211; Modulo principal<\/em><\/li>\n<li><em>MES &#8211; Acoplador para os eletrodos<\/em><\/li>\n<li><em>Conjunto de eletrodos ouro &#8211; 80cm<\/em><\/li>\n<li><em>Pasta condutora<\/em><\/li>\n<li><em>Cabo USB<\/em><\/li>\n<li><em>Case<\/em><\/li>\n<li><em>Maleta<\/em><\/li>\n<li><em>Software Sivec Plus Vers\u00e3o VX<\/em><\/li>\n<li><em>Manual de instru\u00e7\u00f5es<\/em><\/li>\n<li><em>Acesso ao painel exclusivo de tutoriais e atualiza\u00e7\u00f5es Neurograff<\/em><\/li>\n<\/ul>\n<\/li>\n<\/ul>\n<p>&nbsp;<\/p>\n<p><strong>Dimens\u00f5es<\/strong><\/p>\n<ul>\n<li><em>MAC <\/em>(7.5cm x 15cm x 2.5cm)<\/li>\n<li><em>MES <\/em>(3.5cm x 5cm x 3cm)<\/li>\n<\/ul>\n<p>&nbsp;<\/p>\n<p><strong>Informa\u00e7\u00f5es<\/strong><\/p>\n<p style=\"padding-left: 40px;\">Calibra\u00e7\u00e3o: Equipamento sai calibrado de f\u00e1brica, vencimento em 12 meses<\/p>\n<p style=\"padding-left: 40px;\">Est\u00edmulos: Monitor, TV ou projetor (n\u00e3o inclusos no produto)<\/p>\n<p style=\"padding-left: 40px;\">An\u00e1lise: Manual, semi-autom\u00e1tica e autom\u00e1tica<\/p>\n<p style=\"padding-left: 40px;\">Representa\u00e7\u00e3o gr\u00e1fica dos olhos: Sim<\/p>\n<p style=\"padding-left: 40px;\">Permite eletrodos descart\u00e1veis: Sim<\/p>\n<p style=\"padding-left: 40px;\">Instru\u00e7\u00f5es por voz: Sim<\/p>\n<p style=\"padding-left: 40px;\">Relat\u00f3rio em PDF: Sim<\/p>\n<p style=\"padding-left: 40px;\"><em>Provas inclusas:<\/em><\/p>\n<ol>\n<li style=\"list-style-type: none;\">\n<ol>\n<li><em>Nistagmo Espont\u00e2neo<\/em><\/li>\n<li><em>Nistagmo Semi-Espont\u00e2neo<\/em><\/li>\n<li><em>Movimentos Sac\u00e1dicos<\/em><\/li>\n<li><em>Rastreio Pendular<\/em><\/li>\n<li><em>Rastreio Optocin\u00e9tico<\/em><\/li>\n<li><em>Prpd<\/em><\/li>\n<li><em>Cal\u00f3rica<\/em><\/li>\n<\/ol>\n<\/li>\n<\/ol>\n<p>&nbsp;<\/p>\n<p><strong>Requisitos m\u00ednimos do software<\/strong><\/p>\n<ul>\n<li><em>Sistema Operacional Windows 10 (64 bit) ou superior<\/em><\/li>\n<li><em>Espa\u00e7o livre de armazenamento 2GB (m\u00ednimo)<\/em><\/li>\n<li><em>Mem\u00f3ria RAM de 4GB (recomendado)<\/em><\/li>\n<li><em>Acesso \u00e0 internet (para instala\u00e7\u00e3o)<\/em><\/li>\n<li><em>Processador de 2GHz ou superior<\/em><\/li>\n<li><em>1 porta USB2.0 dispon\u00edvel<\/em><\/li>\n<li><em>1 sa\u00edda HDMI<\/em><\/li>\n<\/ul>\n","protected":false},"excerpt":{"rendered":"<p><span class=\"ui-provider ej bnx un bny bnz boa bob boc bod boe bof bog boh boi boj bok bol bom bon boo bop boq bor bos bot bou bov bow box boy boz bpa bpb bpc bpd\" dir=\"ltr\">Realize seus exames de vecto com precis\u00e3o e qualidade Neurograff.<\/span><\/p>\n","protected":false},"featured_media":5043,"comment_status":"open","ping_status":"closed","template":"","meta":{"_jet_sm_ready_style":"","_jet_sm_style":"","_jet_sm_controls_values":"","_jet_sm_fonts_collection":"","_jet_sm_fonts_links":""},"product_cat":[23],"product_tag":[],"class_list":{"0":"post-4552","1":"product","2":"type-product","3":"status-publish","4":"has-post-thumbnail","6":"product_cat-produtos-sivec","8":"first","9":"instock","10":"shipping-taxable","11":"product-type-simple"},"_links":{"self":[{"href":"https:\/\/neurograff.com.br\/index.php?rest_route=\/wp\/v2\/product\/4552","targetHints":{"allow":["GET"]}}],"collection":[{"href":"https:\/\/neurograff.com.br\/index.php?rest_route=\/wp\/v2\/product"}],"about":[{"href":"https:\/\/neurograff.com.br\/index.php?rest_route=\/wp\/v2\/types\/product"}],"replies":[{"embeddable":true,"href":"https:\/\/neurograff.com.br\/index.php?rest_route=%2Fwp%2Fv2%2Fcomments&post=4552"}],"wp:featuredmedia":[{"embeddable":true,"href":"https:\/\/neurograff.com.br\/index.php?rest_route=\/wp\/v2\/media\/5043"}],"wp:attachment":[{"href":"https:\/\/neurograff.com.br\/index.php?rest_route=%2Fwp%2Fv2%2Fmedia&parent=4552"}],"wp:term":[{"taxonomy":"product_cat","embeddable":true,"href":"https:\/\/neurograff.com.br\/index.php?rest_route=%2Fwp%2Fv2%2Fproduct_cat&post=4552"},{"taxonomy":"product_tag","embeddable":true,"href":"https:\/\/neurograff.com.br\/index.php?rest_route=%2Fwp%2Fv2%2Fproduct_tag&post=4552"}],"curies":[{"name":"wp","href":"https:\/\/api.w.org\/{rel}","templated":true}]}}