{"id":4849,"date":"2024-05-14T15:51:45","date_gmt":"2024-05-14T18:51:45","guid":{"rendered":"https:\/\/neurograff.com.br\/?page_id=4849"},"modified":"2026-05-13T17:47:13","modified_gmt":"2026-05-13T20:47:13","slug":"registro-de-clientes","status":"publish","type":"page","link":"https:\/\/neurograff.com.br\/?page_id=4849","title":{"rendered":"Registro"},"content":{"rendered":"\t\t<div data-elementor-type=\"wp-page\" data-elementor-id=\"4849\" class=\"elementor elementor-4849\" data-elementor-post-type=\"page\">\n\t\t\t\t<div class=\"jet-tricks-particles-section elementor-element elementor-element-d4263ae e-flex e-con-boxed e-con e-parent\" data-id=\"d4263ae\" data-element_type=\"container\" data-e-type=\"container\" data-settings=\"{&quot;background_background&quot;:&quot;classic&quot;,&quot;jet_parallax_layout_list&quot;:[]}\">\n\t\t\t\t\t<div class=\"e-con-inner\">\n\t\t<div class=\"elementor-element elementor-element-120053d e-con-full zas e-flex e-con e-child\" data-id=\"120053d\" data-element_type=\"container\" data-e-type=\"container\" data-settings=\"{&quot;jet_parallax_layout_list&quot;:[]}\">\n\t\t<div class=\"elementor-element elementor-element-9b30c94 e-con-full e-flex e-con e-child\" data-id=\"9b30c94\" data-element_type=\"container\" data-e-type=\"container\" data-settings=\"{&quot;jet_parallax_layout_list&quot;:[]}\">\n\t\t\t\t<div class=\"elementor-element elementor-element-cf40a7e elementor-widget elementor-widget-theme-site-logo elementor-widget-image\" data-id=\"cf40a7e\" data-element_type=\"widget\" data-e-type=\"widget\" data-widget_type=\"theme-site-logo.default\">\n\t\t\t\t<div class=\"elementor-widget-container\">\n\t\t\t\t\t\t\t\t\t\t\t<a href=\"https:\/\/neurograff.com.br\">\n\t\t\t<img fetchpriority=\"high\" decoding=\"async\" width=\"3254\" height=\"568\" src=\"https:\/\/neurograff.com.br\/wp-content\/uploads\/2024\/04\/cropped-logo-vetorizada-branco.png\" class=\"attachment-full size-full wp-image-27\" alt=\"\" srcset=\"https:\/\/neurograff.com.br\/wp-content\/uploads\/2024\/04\/cropped-logo-vetorizada-branco.png 3254w, https:\/\/neurograff.com.br\/wp-content\/uploads\/2024\/04\/cropped-logo-vetorizada-branco-600x105.png 600w, https:\/\/neurograff.com.br\/wp-content\/uploads\/2024\/04\/cropped-logo-vetorizada-branco-300x52.png 300w, https:\/\/neurograff.com.br\/wp-content\/uploads\/2024\/04\/cropped-logo-vetorizada-branco-1024x179.png 1024w, https:\/\/neurograff.com.br\/wp-content\/uploads\/2024\/04\/cropped-logo-vetorizada-branco-768x134.png 768w, https:\/\/neurograff.com.br\/wp-content\/uploads\/2024\/04\/cropped-logo-vetorizada-branco-1536x268.png 1536w, https:\/\/neurograff.com.br\/wp-content\/uploads\/2024\/04\/cropped-logo-vetorizada-branco-2048x357.png 2048w\" sizes=\"(max-width: 3254px) 100vw, 3254px\" \/>\t\t\t\t<\/a>\n\t\t\t\t\t\t\t\t\t\t\t<\/div>\n\t\t\t\t<\/div>\n\t\t\t\t<div class=\"elementor-element elementor-element-cef4968 e-transform elementor-align-center elementor-widget elementor-widget-lottie\" data-id=\"cef4968\" data-element_type=\"widget\" data-e-type=\"widget\" data-settings=\"{&quot;source_json&quot;:{&quot;url&quot;:&quot;https:\\\/\\\/neurograff.com.br\\\/wp-content\\\/uploads\\\/2026\\\/03\\\/choose-your-colors-1.json&quot;,&quot;id&quot;:7513,&quot;size&quot;:&quot;&quot;,&quot;alt&quot;:&quot;&quot;,&quot;source&quot;:&quot;library&quot;},&quot;_transform_translateY_effect&quot;:{&quot;unit&quot;:&quot;px&quot;,&quot;size&quot;:-21,&quot;sizes&quot;:[]},&quot;source&quot;:&quot;media_file&quot;,&quot;caption_source&quot;:&quot;none&quot;,&quot;link_to&quot;:&quot;none&quot;,&quot;trigger&quot;:&quot;arriving_to_viewport&quot;,&quot;viewport&quot;:{&quot;unit&quot;:&quot;%&quot;,&quot;size&quot;:&quot;&quot;,&quot;sizes&quot;:{&quot;start&quot;:0,&quot;end&quot;:100}},&quot;play_speed&quot;:{&quot;unit&quot;:&quot;px&quot;,&quot;size&quot;:1,&quot;sizes&quot;:[]},&quot;start_point&quot;:{&quot;unit&quot;:&quot;%&quot;,&quot;size&quot;:0,&quot;sizes&quot;:[]},&quot;end_point&quot;:{&quot;unit&quot;:&quot;%&quot;,&quot;size&quot;:100,&quot;sizes&quot;:[]},&quot;renderer&quot;:&quot;svg&quot;,&quot;_transform_translateX_effect&quot;:{&quot;unit&quot;:&quot;px&quot;,&quot;size&quot;:&quot;&quot;,&quot;sizes&quot;:[]},&quot;_transform_translateX_effect_tablet&quot;:{&quot;unit&quot;:&quot;px&quot;,&quot;size&quot;:&quot;&quot;,&quot;sizes&quot;:[]},&quot;_transform_translateX_effect_mobile&quot;:{&quot;unit&quot;:&quot;px&quot;,&quot;size&quot;:&quot;&quot;,&quot;sizes&quot;:[]},&quot;_transform_translateY_effect_tablet&quot;:{&quot;unit&quot;:&quot;px&quot;,&quot;size&quot;:&quot;&quot;,&quot;sizes&quot;:[]},&quot;_transform_translateY_effect_mobile&quot;:{&quot;unit&quot;:&quot;px&quot;,&quot;size&quot;:&quot;&quot;,&quot;sizes&quot;:[]}}\" data-widget_type=\"lottie.default\">\n\t\t\t\t<div class=\"elementor-widget-container\">\n\t\t\t\t\t<div class=\"e-lottie__container\"><div class=\"e-lottie__animation\"><\/div><\/div>\t\t\t\t<\/div>\n\t\t\t\t<\/div>\n\t\t\t\t<\/div>\n\t\t<div class=\"elementor-element elementor-element-15cb663 e-con-full e-flex e-con e-child\" data-id=\"15cb663\" data-element_type=\"container\" data-e-type=\"container\" data-settings=\"{&quot;jet_parallax_layout_list&quot;:[]}\">\n\t\t\t\t<div class=\"elementor-element elementor-element-0bc5a46 elementor-widget elementor-widget-html\" data-id=\"0bc5a46\" data-element_type=\"widget\" data-e-type=\"widget\" data-widget_type=\"html.default\">\n\t\t\t\t<div class=\"elementor-widget-container\">\n\t\t\t\t\t<!DOCTYPE html>\r\n<html lang=\"pt-BR\">\r\n<head>\r\n\r\n<meta charset=\"UTF-8\" \/>\r\n<meta name=\"viewport\" content=\"width=device-width, initial-scale=1.0\"\/>\r\n\r\n<script src=\"https:\/\/cdn.tailwindcss.com\"><\/script>\r\n\r\n<style>\r\n\r\n.card{\r\n  backdrop-filter: blur(10px);\r\n  -webkit-backdrop-filter: blur(10px);\r\n}\r\n\r\n.input{\r\n  height:30px;\r\n}\r\n\r\n.input:focus{\r\n  outline:none;\r\n  border-color:#7b5cff;\r\n  box-shadow:0 0 0 2px rgba(123,92,255,0.2);\r\n}\r\n\r\n.btn-primary{\r\n  background:linear-gradient(90deg,#6a5cff,#7b5cff);\r\n}\r\n\r\n.btn-primary:hover{\r\n  opacity:.9;\r\n}\r\n\r\n.password-group{\r\n  display:flex;\r\n  align-items:center;\r\n  gap:12px;\r\n  margin-top:.25rem;\r\n}\r\n\r\n.password-icon{\r\n  font-size:1.25rem;\r\n  min-width:24px;\r\n  height:24px;\r\n  border-radius:50%;\r\n  flex-shrink:0;\r\n  display:none;\r\n  align-items:center;\r\n  justify-content:center;\r\n}\r\n\r\n.password-icon.sucesso{\r\n  background:#10b981;\r\n  color:#fff;\r\n  display:flex;\r\n}\r\n\r\n.password-icon.erro{\r\n  background:#ef4444;\r\n  color:#fff;\r\n  display:flex;\r\n}\r\n\r\n.password-input-wrapper{\r\n  flex:1;\r\n}\r\n\r\n<\/style>\r\n\r\n<\/head>\r\n\r\n<body class=\"min-h-screen relative py-0 flex items-start justify-center bg-gray-50\">\r\n\r\n<div class=\"text-center w-full px-4\">\r\n\r\n<div class=\"card shadow-xl rounded-xl p-5 w-full mx-auto relative z-10\">\r\n\r\n<form id=\"form-registro\" class=\"space-y-3\">\r\n\r\n<div class=\"text-left\">\r\n\r\n<label class=\"block text-sm text-white\">\r\nNome completo\r\n<\/label>\r\n\r\n<input\r\nname=\"nome\"\r\nid=\"nome\"\r\ntype=\"text\"\r\nrequired\r\nplaceholder=\"Digite seu nome\"\r\nclass=\"input mt-1 w-full px-3 py-2 border rounded-md text-sm\"\r\n\/>\r\n\r\n<\/div>\r\n\r\n<div class=\"text-left\">\r\n\r\n<label class=\"block text-sm text-white\">\r\nEmail\r\n<\/label>\r\n\r\n<input\r\nname=\"email\"\r\ntype=\"email\"\r\nrequired\r\nplaceholder=\"Digite seu email\"\r\nclass=\"input mt-1 w-full px-3 py-2 border rounded-md text-sm\"\r\n\/>\r\n\r\n<\/div>\r\n\r\n<div class=\"text-left\">\r\n\r\n<label class=\"block text-sm text-white\">\r\nTelefone\r\n<\/label>\r\n\r\n<input\r\nname=\"billing_phone\"\r\nid=\"telefone\"\r\ntype=\"text\"\r\nplaceholder=\"Digite seu telefone\"\r\nclass=\"input mt-1 w-full px-3 py-2 border rounded-md text-sm\"\r\n\/>\r\n\r\n<\/div>\r\n\r\n<!-- SENHA -->\r\n<div class=\"text-left\">\r\n\r\n<label class=\"block text-sm text-white\">\r\nSenha\r\n<\/label>\r\n\r\n<div class=\"password-group\">\r\n\r\n<span id=\"senha-icon\" class=\"password-icon\">\r\n\u2714\ufe0f\r\n<\/span>\r\n\r\n<div class=\"password-input-wrapper\">\r\n\r\n<input\r\nname=\"senha\"\r\nid=\"senha\"\r\ntype=\"password\"\r\nrequired\r\nplaceholder=\"Digite sua senha\"\r\nclass=\"input w-full px-3 py-2 border rounded-md text-sm\"\r\n\/>\r\n\r\n<\/div>\r\n\r\n<\/div>\r\n\r\n<\/div>\r\n\r\n<!-- CONFIRMAR -->\r\n<div class=\"text-left\">\r\n\r\n<label class=\"block text-sm text-white\">\r\nConfirmar senha\r\n<\/label>\r\n\r\n<div class=\"password-group\">\r\n\r\n<span id=\"confirmar-senha-icon\" class=\"password-icon\">\r\n\u2714\ufe0f\r\n<\/span>\r\n\r\n<div class=\"password-input-wrapper\">\r\n\r\n<input\r\nname=\"confirmar_senha\"\r\nid=\"confirmar_senha\"\r\ntype=\"password\"\r\nrequired\r\nplaceholder=\"Confirme sua senha\"\r\nclass=\"input w-full px-3 py-2 border rounded-md text-sm\"\r\n\/>\r\n\r\n<\/div>\r\n\r\n<\/div>\r\n\r\n<\/div>\r\n\r\n<div class=\"flex items-start space-x-2 text-sm text-white\">\r\n\r\n<input\r\nname=\"termos\"\r\nvalue=\"1\"\r\ntype=\"checkbox\"\r\nclass=\"mt-1 accent-indigo-500\"\r\n\/>\r\n\r\n<span>\r\nConcordo com os termos de privacidade\r\n<\/span>\r\n\r\n<\/div>\r\n\r\n<!-- MENSAGEM -->\r\n<div\r\nid=\"form-message\"\r\nclass=\"hidden text-sm rounded-md px-4 py-3 mb-1 font-medium transition-all duration-300\"\r\n><\/div>\r\n\r\n<button\r\ntype=\"submit\"\r\nclass=\"btn-primary w-full py-2 rounded-md text-white text-sm font-medium transition\"\r\n>\r\nCriar conta\r\n<\/button>\r\n\r\n<\/form>\r\n\r\n<\/div>\r\n\r\n<\/div>\r\n\r\n<script>\r\n\r\n\/\/ ==========================\r\n\/\/ INPUTS\r\n\/\/ ==========================\r\nconst nomeInput = document.getElementById('nome');\r\n\r\nconst senha = document.getElementById('senha');\r\nconst confirmarSenha = document.getElementById('confirmar_senha');\r\n\r\nconst senhaIcon = document.getElementById('senha-icon');\r\nconst confirmarSenhaIcon = document.getElementById('confirmar-senha-icon');\r\n\r\nconst formMessage = document.getElementById('form-message');\r\n\r\n\/\/ ==========================\r\n\/\/ FORMATAR NOME\r\n\/\/ ==========================\r\nnomeInput.addEventListener('input', (e) => {\r\n\r\n  let value = e.target.value;\r\n\r\n  value = value.replace(\r\n    \/[^a-zA-Z\u00e1\u00e0\u00e2\u00e3\u00e9\u00ea\u00ed\u00f3\u00f4\u00f5\u00f6\u00fa\u00e7\u00f1\u00c1\u00c0\u00c2\u00c3\u00c9\u00ca\u00cd\u00d3\u00d4\u00d5\u00d6\u00da\u00c7\u00d1\\s]\/g,\r\n    ''\r\n  );\r\n\r\n  value = value\r\n    .toLowerCase()\r\n    .replace(\/\\b\\w\/g, l => l.toUpperCase());\r\n\r\n  e.target.value = value;\r\n\r\n});\r\n\r\n\/\/ ==========================\r\n\/\/ \u00cdCONES SENHA\r\n\/\/ ==========================\r\nfunction atualizarIcones(){\r\n\r\n  if(\r\n    senha.value.length === confirmarSenha.value.length &&\r\n    senha.value.length > 0\r\n  ){\r\n\r\n    if(senha.value === confirmarSenha.value){\r\n\r\n      senhaIcon.className='password-icon sucesso';\r\n      confirmarSenhaIcon.className='password-icon sucesso';\r\n\r\n    }else{\r\n\r\n      senhaIcon.className='password-icon erro';\r\n      confirmarSenhaIcon.className='password-icon erro';\r\n\r\n    }\r\n\r\n  }else{\r\n\r\n    senhaIcon.style.display='none';\r\n    confirmarSenhaIcon.style.display='none';\r\n\r\n  }\r\n\r\n}\r\n\r\nsenha.addEventListener('input', atualizarIcones);\r\nconfirmarSenha.addEventListener('input', atualizarIcones);\r\n\r\n\/\/ ==========================\r\n\/\/ AJAX SUBMIT\r\n\/\/ ==========================\r\ndocument\r\n.getElementById('form-registro')\r\n.addEventListener('submit', async function(e){\r\n\r\n  e.preventDefault();\r\n\r\n  if(senha.value !== confirmarSenha.value){\r\n\r\n    formMessage.classList.remove('hidden');\r\n\r\n    formMessage.className =\r\n      'text-sm rounded-md px-4 py-3 mb-1 font-medium bg-red-500\/20 border border-red-500 text-red-200';\r\n\r\n    formMessage.innerText = 'As senhas n\u00e3o coincidem';\r\n\r\n    return;\r\n\r\n  }\r\n\r\n  const form = this;\r\n\r\n  const submitBtn = form.querySelector('button[type=\"submit\"]');\r\n\r\n  submitBtn.disabled = true;\r\n\r\n  submitBtn.innerText = 'Criando conta...';\r\n\r\n  try{\r\n\r\n    const data = new FormData(form);\r\n\r\n    data.append('action', 'registro_medico');\r\n\r\n    const response = await fetch('\/wp-admin\/admin-ajax.php',{\r\n\r\n      method:'POST',\r\n      body:data,\r\n      credentials:'same-origin'\r\n\r\n    });\r\n\r\n    const res = await response.json();\r\n\r\n    console.log(res);\r\n\r\n    if(res.success){\r\n\r\n      formMessage.classList.remove('hidden');\r\n\r\n      formMessage.className =\r\n        'text-sm rounded-md px-4 py-3 mb-1 font-medium bg-green-500\/20 border border-green-500 text-green-200';\r\n\r\n      formMessage.innerText =\r\n        'Cadastro realizado com sucesso! Redirecionando...';\r\n\r\n      form.reset();\r\n\r\n      senhaIcon.style.display='none';\r\n      confirmarSenhaIcon.style.display='none';\r\n\r\n      setTimeout(() => {\r\n\r\n        window.location.href = '\/';\r\n\r\n      }, 2000);\r\n\r\n    }else{\r\n\r\n      formMessage.classList.remove('hidden');\r\n\r\n      formMessage.className =\r\n        'text-sm rounded-md px-4 py-3 mb-1 font-medium bg-red-500\/20 border border-red-500 text-red-200';\r\n\r\n      formMessage.innerText =\r\n        res.data.message || 'Erro ao cadastrar';\r\n\r\n    }\r\n\r\n  }catch(err){\r\n\r\n    console.error(err);\r\n\r\n    formMessage.classList.remove('hidden');\r\n\r\n    formMessage.className =\r\n      'text-sm rounded-md px-4 py-3 mb-1 font-medium bg-red-500\/20 border border-red-500 text-red-200';\r\n\r\n    formMessage.innerText = 'Erro na requisi\u00e7\u00e3o';\r\n\r\n  }finally{\r\n\r\n    submitBtn.disabled = false;\r\n\r\n    submitBtn.innerText = 'Criar conta';\r\n\r\n  }\r\n\r\n});\r\n\r\n<\/script>\r\n\r\n<\/body>\r\n<\/html>\t\t\t\t<\/div>\n\t\t\t\t<\/div>\n\t\t\t\t<\/div>\n\t\t\t\t<\/div>\n\t\t\t\t\t<\/div>\n\t\t\t\t<\/div>\n\t\t<div class=\"elementor-element elementor-element-0701cdd e-flex e-con-boxed e-con e-parent\" data-id=\"0701cdd\" data-element_type=\"container\" data-e-type=\"container\" data-settings=\"{&quot;background_background&quot;:&quot;classic&quot;,&quot;jet_parallax_layout_list&quot;:[]}\">\n\t\t\t\t\t<div class=\"e-con-inner\">\n\t\t\t\t<div class=\"elementor-element elementor-element-f5859e6 e-grid-align-mobile-center elementor-shape-rounded elementor-grid-0 e-grid-align-center elementor-invisible elementor-widget elementor-widget-social-icons\" data-id=\"f5859e6\" data-element_type=\"widget\" data-e-type=\"widget\" data-settings=\"{&quot;_animation&quot;:&quot;zoomInRight&quot;,&quot;_animation_delay&quot;:50}\" data-widget_type=\"social-icons.default\">\n\t\t\t\t<div class=\"elementor-widget-container\">\n\t\t\t\t\t\t\t<div class=\"elementor-social-icons-wrapper elementor-grid\" role=\"list\">\n\t\t\t\t\t\t\t<span class=\"elementor-grid-item\" role=\"listitem\">\n\t\t\t\t\t<a class=\"elementor-icon elementor-social-icon elementor-social-icon-facebook elementor-repeater-item-275602c\" href=\"https:\/\/www.facebook.com\/neurograff\" target=\"_blank\">\n\t\t\t\t\t\t<span class=\"elementor-screen-only\">Facebook<\/span>\n\t\t\t\t\t\t<svg aria-hidden=\"true\" class=\"e-font-icon-svg e-fab-facebook\" viewBox=\"0 0 512 512\" xmlns=\"http:\/\/www.w3.org\/2000\/svg\"><path d=\"M504 256C504 119 393 8 256 8S8 119 8 256c0 123.78 90.69 226.38 209.25 245V327.69h-63V256h63v-54.64c0-62.15 37-96.48 93.67-96.48 27.14 0 55.52 4.84 55.52 4.84v61h-31.28c-30.8 0-40.41 19.12-40.41 38.73V256h68.78l-11 71.69h-57.78V501C413.31 482.38 504 379.78 504 256z\"><\/path><\/svg>\t\t\t\t\t<\/a>\n\t\t\t\t<\/span>\n\t\t\t\t\t\t\t<span class=\"elementor-grid-item\" role=\"listitem\">\n\t\t\t\t\t<a class=\"elementor-icon elementor-social-icon elementor-social-icon-youtube elementor-repeater-item-ee22ff9\" href=\"https:\/\/www.youtube.com\/@neurograffeletromedicina\" target=\"_blank\">\n\t\t\t\t\t\t<span class=\"elementor-screen-only\">Youtube<\/span>\n\t\t\t\t\t\t<svg aria-hidden=\"true\" class=\"e-font-icon-svg e-fab-youtube\" viewBox=\"0 0 576 512\" xmlns=\"http:\/\/www.w3.org\/2000\/svg\"><path d=\"M549.655 124.083c-6.281-23.65-24.787-42.276-48.284-48.597C458.781 64 288 64 288 64S117.22 64 74.629 75.486c-23.497 6.322-42.003 24.947-48.284 48.597-11.412 42.867-11.412 132.305-11.412 132.305s0 89.438 11.412 132.305c6.281 23.65 24.787 41.5 48.284 47.821C117.22 448 288 448 288 448s170.78 0 213.371-11.486c23.497-6.321 42.003-24.171 48.284-47.821 11.412-42.867 11.412-132.305 11.412-132.305s0-89.438-11.412-132.305zm-317.51 213.508V175.185l142.739 81.205-142.739 81.201z\"><\/path><\/svg>\t\t\t\t\t<\/a>\n\t\t\t\t<\/span>\n\t\t\t\t\t\t\t<span class=\"elementor-grid-item\" role=\"listitem\">\n\t\t\t\t\t<a class=\"elementor-icon elementor-social-icon elementor-social-icon-whatsapp elementor-repeater-item-e5e2dd0\" href=\"https:\/\/wa.me\/5511957901370?text=Ol%C3%A1+tenho+interesse+em+um+produto.+\" target=\"_blank\">\n\t\t\t\t\t\t<span class=\"elementor-screen-only\">Whatsapp<\/span>\n\t\t\t\t\t\t<svg aria-hidden=\"true\" class=\"e-font-icon-svg e-fab-whatsapp\" viewBox=\"0 0 448 512\" xmlns=\"http:\/\/www.w3.org\/2000\/svg\"><path d=\"M380.9 97.1C339 55.1 283.2 32 223.9 32c-122.4 0-222 99.6-222 222 0 39.1 10.2 77.3 29.6 111L0 480l117.7-30.9c32.4 17.7 68.9 27 106.1 27h.1c122.3 0 224.1-99.6 224.1-222 0-59.3-25.2-115-67.1-157zm-157 341.6c-33.2 0-65.7-8.9-94-25.7l-6.7-4-69.8 18.3L72 359.2l-4.4-7c-18.5-29.4-28.2-63.3-28.2-98.2 0-101.7 82.8-184.5 184.6-184.5 49.3 0 95.6 19.2 130.4 54.1 34.8 34.9 56.2 81.2 56.1 130.5 0 101.8-84.9 184.6-186.6 184.6zm101.2-138.2c-5.5-2.8-32.8-16.2-37.9-18-5.1-1.9-8.8-2.8-12.5 2.8-3.7 5.6-14.3 18-17.6 21.8-3.2 3.7-6.5 4.2-12 1.4-32.6-16.3-54-29.1-75.5-66-5.7-9.8 5.7-9.1 16.3-30.3 1.8-3.7.9-6.9-.5-9.7-1.4-2.8-12.5-30.1-17.1-41.2-4.5-10.8-9.1-9.3-12.5-9.5-3.2-.2-6.9-.2-10.6-.2-3.7 0-9.7 1.4-14.8 6.9-5.1 5.6-19.4 19-19.4 46.3 0 27.3 19.9 53.7 22.6 57.4 2.8 3.7 39.1 59.7 94.8 83.8 35.2 15.2 49 16.5 66.6 13.9 10.7-1.6 32.8-13.4 37.4-26.4 4.6-13 4.6-24.1 3.2-26.4-1.3-2.5-5-3.9-10.5-6.6z\"><\/path><\/svg>\t\t\t\t\t<\/a>\n\t\t\t\t<\/span>\n\t\t\t\t\t\t\t<span class=\"elementor-grid-item\" role=\"listitem\">\n\t\t\t\t\t<a class=\"elementor-icon elementor-social-icon elementor-social-icon-instagram elementor-repeater-item-bf851a6\" href=\"https:\/\/www.instagram.com\/neurograffeletromedicina\" target=\"_blank\">\n\t\t\t\t\t\t<span class=\"elementor-screen-only\">Instagram<\/span>\n\t\t\t\t\t\t<svg aria-hidden=\"true\" class=\"e-font-icon-svg e-fab-instagram\" viewBox=\"0 0 448 512\" xmlns=\"http:\/\/www.w3.org\/2000\/svg\"><path d=\"M224.1 141c-63.6 0-114.9 51.3-114.9 114.9s51.3 114.9 114.9 114.9S339 319.5 339 255.9 287.7 141 224.1 141zm0 189.6c-41.1 0-74.7-33.5-74.7-74.7s33.5-74.7 74.7-74.7 74.7 33.5 74.7 74.7-33.6 74.7-74.7 74.7zm146.4-194.3c0 14.9-12 26.8-26.8 26.8-14.9 0-26.8-12-26.8-26.8s12-26.8 26.8-26.8 26.8 12 26.8 26.8zm76.1 27.2c-1.7-35.9-9.9-67.7-36.2-93.9-26.2-26.2-58-34.4-93.9-36.2-37-2.1-147.9-2.1-184.9 0-35.8 1.7-67.6 9.9-93.9 36.1s-34.4 58-36.2 93.9c-2.1 37-2.1 147.9 0 184.9 1.7 35.9 9.9 67.7 36.2 93.9s58 34.4 93.9 36.2c37 2.1 147.9 2.1 184.9 0 35.9-1.7 67.7-9.9 93.9-36.2 26.2-26.2 34.4-58 36.2-93.9 2.1-37 2.1-147.8 0-184.8zM398.8 388c-7.8 19.6-22.9 34.7-42.6 42.6-29.5 11.7-99.5 9-132.1 9s-102.7 2.6-132.1-9c-19.6-7.8-34.7-22.9-42.6-42.6-11.7-29.5-9-99.5-9-132.1s-2.6-102.7 9-132.1c7.8-19.6 22.9-34.7 42.6-42.6 29.5-11.7 99.5-9 132.1-9s102.7-2.6 132.1 9c19.6 7.8 34.7 22.9 42.6 42.6 11.7 29.5 9 99.5 9 132.1s2.7 102.7-9 132.1z\"><\/path><\/svg>\t\t\t\t\t<\/a>\n\t\t\t\t<\/span>\n\t\t\t\t\t<\/div>\n\t\t\t\t\t\t<\/div>\n\t\t\t\t<\/div>\n\t\t\t\t<div class=\"elementor-element elementor-element-d05fada elementor-invisible elementor-widget elementor-widget-heading\" data-id=\"d05fada\" data-element_type=\"widget\" data-e-type=\"widget\" data-settings=\"{&quot;_animation&quot;:&quot;fadeIn&quot;,&quot;_animation_delay&quot;:10}\" data-widget_type=\"heading.default\">\n\t\t\t\t<div class=\"elementor-widget-container\">\n\t\t\t\t\t<h2 class=\"elementor-heading-title elementor-size-default\">Desenvolvido por Grupo Baki\u2122&amp; MacPixel\u2122 Todos direitos reservados \u00a9 2024  <\/h2>\t\t\t\t<\/div>\n\t\t\t\t<\/div>\n\t\t\t\t\t<\/div>\n\t\t\t\t<\/div>\n\t\t\t\t<\/div>\n\t\t","protected":false},"excerpt":{"rendered":"<p>Nome completo Email Telefone Senha \u2714\ufe0f Confirmar senha \u2714\ufe0f Concordo com os termos de privacidade Criar conta Facebook Youtube Whatsapp Instagram Desenvolvido por Grupo Baki\u2122&amp; MacPixel\u2122 Todos direitos reservados \u00a9 2024<\/p>\n","protected":false},"author":1,"featured_media":0,"parent":0,"menu_order":0,"comment_status":"closed","ping_status":"closed","template":"elementor_canvas","meta":{"_jet_sm_ready_style":"","_jet_sm_style":"","_jet_sm_controls_values":"","_jet_sm_fonts_collection":"","_jet_sm_fonts_links":"","footnotes":""},"class_list":["post-4849","page","type-page","status-publish","hentry"],"_links":{"self":[{"href":"https:\/\/neurograff.com.br\/index.php?rest_route=\/wp\/v2\/pages\/4849","targetHints":{"allow":["GET"]}}],"collection":[{"href":"https:\/\/neurograff.com.br\/index.php?rest_route=\/wp\/v2\/pages"}],"about":[{"href":"https:\/\/neurograff.com.br\/index.php?rest_route=\/wp\/v2\/types\/page"}],"author":[{"embeddable":true,"href":"https:\/\/neurograff.com.br\/index.php?rest_route=\/wp\/v2\/users\/1"}],"replies":[{"embeddable":true,"href":"https:\/\/neurograff.com.br\/index.php?rest_route=%2Fwp%2Fv2%2Fcomments&post=4849"}],"version-history":[{"count":264,"href":"https:\/\/neurograff.com.br\/index.php?rest_route=\/wp\/v2\/pages\/4849\/revisions"}],"predecessor-version":[{"id":9901,"href":"https:\/\/neurograff.com.br\/index.php?rest_route=\/wp\/v2\/pages\/4849\/revisions\/9901"}],"wp:attachment":[{"href":"https:\/\/neurograff.com.br\/index.php?rest_route=%2Fwp%2Fv2%2Fmedia&parent=4849"}],"curies":[{"name":"wp","href":"https:\/\/api.w.org\/{rel}","templated":true}]}}