{"id":2266,"date":"2024-05-07T14:17:37","date_gmt":"2024-05-07T17:17:37","guid":{"rendered":"https:\/\/neurograff.com.br\/?page_id=2266"},"modified":"2026-04-01T10:48:53","modified_gmt":"2026-04-01T13:48:53","slug":"comodato","status":"publish","type":"page","link":"https:\/\/neurograff.com.br\/?page_id=2266","title":{"rendered":"Comodato"},"content":{"rendered":"\t\t<div data-elementor-type=\"wp-page\" data-elementor-id=\"2266\" class=\"elementor elementor-2266\" data-elementor-post-type=\"page\">\n\t\t\t\t<div class=\"jet-tricks-particles-section elementor-element elementor-element-4c251b56 e-flex e-con-boxed e-con e-parent\" data-id=\"4c251b56\" data-element_type=\"container\" data-e-type=\"container\" data-settings=\"{&quot;background_background&quot;:&quot;classic&quot;,&quot;jet_parallax_layout_list&quot;:[]}\">\n\t\t\t\t\t<div class=\"e-con-inner\">\n\t\t\t\t<div class=\"elementor-element elementor-element-fc6fc27 elementor-view-framed elementor-widget__width-initial elementor-shape-circle elementor-invisible elementor-widget elementor-widget-icon\" data-id=\"fc6fc27\" data-element_type=\"widget\" data-e-type=\"widget\" data-settings=\"{&quot;_animation&quot;:&quot;zoomIn&quot;}\" data-widget_type=\"icon.default\">\n\t\t\t\t<div class=\"elementor-widget-container\">\n\t\t\t\t\t\t\t<div class=\"elementor-icon-wrapper\">\n\t\t\t<div class=\"elementor-icon elementor-animation-rotate\">\n\t\t\t<svg xmlns=\"http:\/\/www.w3.org\/2000\/svg\" id=\"a6e4e448-62eb-4a20-8ade-ac923322afab\" data-name=\"Layer 1\" width=\"148\" height=\"148\" viewBox=\"0 0 148 148\"><g style=\"opacity:0\"><rect width=\"148\" height=\"148\" style=\"fill:#fff\"><\/rect><\/g><path d=\"M128.3635,69.5112a42.9871,42.9871,0,0,0-12.6445-5.9883c-.554-.1768-1.1238-.3466-1.6955-.5155C109.5826,43.0188,93.3268,28.1509,74,28.1509S38.418,43.019,33.9774,63.0079c-.5722.169-1.1425.339-1.6969.516a42.9654,42.9654,0,0,0-12.644,5.9873C16.56,71.8335,15,74.3,15,76.8433s1.56,5.0107,4.6367,7.332a42.9685,42.9685,0,0,0,12.644,5.9883c1.13.3607,2.3067.7,3.5091,1.028C41.9187,107.9771,56.7319,119.8491,74,119.8491s32.0819-11.872,38.2111-28.6577c1.2022-.3274,2.379-.6672,3.5087-1.0278a42.99,42.99,0,0,0,12.6435-5.9883C131.44,81.854,133,79.3872,133,76.8433S131.4407,71.8335,128.3635,69.5112ZM74,30.1509c18.0349,0,33.2564,13.6781,37.8227,32.2376C101.2283,59.5532,87.9884,58.0063,74,58.0063S46.7726,59.5531,36.178,62.3889C40.7441,43.8292,55.9657,30.1509,74,30.1509Zm39.2295,43.85a48.1985,48.1985,0,0,1-2.5515,15.5347C100.36,92.22,87.5437,93.6812,74,93.6812s-26.3585-1.4607-36.6767-4.1451a48.1982,48.1982,0,0,1-2.5519-15.5356,48.7831,48.7831,0,0,1,.9179-9.4033C46.2732,61.6309,59.73,60.0063,74,60.0063s27.7276,1.6246,38.3121,4.5911A48.7732,48.7732,0,0,1,113.23,74.0005ZM32.8889,88.2593a41.7084,41.7084,0,0,1-12.0473-5.68C18.2922,80.6558,17,78.7261,17,76.8433s1.2924-3.8116,3.8418-5.7364a41.653,41.653,0,0,1,12.0473-5.6787c.2115-.0675.4332-.13.6474-.1968a50.8671,50.8671,0,0,0-.7651,8.7691A50.276,50.276,0,0,0,35.02,88.9061Q33.9334,88.5922,32.8889,88.2593ZM74,117.8491c-15.9607,0-29.7161-10.7152-35.8359-26.0431A154.3628,154.3628,0,0,0,74,95.6812a154.3641,154.3641,0,0,0,35.837-3.8754C103.717,107.1338,89.9614,117.8491,74,117.8491Zm53.1582-35.27a41.6861,41.6861,0,0,1-12.0468,5.6787q-1.0432.333-2.1306.6467A50.2755,50.2755,0,0,0,115.23,74.0005a50.8649,50.8649,0,0,0-.765-8.7689c.2139.0663.4356.1292.6469.1966a41.6625,41.6625,0,0,1,12.0468,5.6787C129.7073,73.0317,131,74.9614,131,76.8433S129.7073,80.6558,127.1584,82.58Z\"><\/path><\/svg>\t\t\t<\/div>\n\t\t<\/div>\n\t\t\t\t\t\t<\/div>\n\t\t\t\t<\/div>\n\t\t\t\t<div class=\"elementor-element elementor-element-6cf201cb elementor-widget elementor-widget-heading\" data-id=\"6cf201cb\" data-element_type=\"widget\" data-e-type=\"widget\" data-widget_type=\"heading.default\">\n\t\t\t\t<div class=\"elementor-widget-container\">\n\t\t\t\t\t<p class=\"elementor-heading-title elementor-size-default\">Comodato<\/p>\t\t\t\t<\/div>\n\t\t\t\t<\/div>\n\t\t\t\t<div class=\"elementor-element elementor-element-3506b4f6 elementor-widget elementor-widget-heading\" data-id=\"3506b4f6\" data-element_type=\"widget\" data-e-type=\"widget\" data-widget_type=\"heading.default\">\n\t\t\t\t<div class=\"elementor-widget-container\">\n\t\t\t\t\t<h2 class=\"elementor-heading-title elementor-size-default\">Programa de Comodato\nSivec Plus<\/h2>\t\t\t\t<\/div>\n\t\t\t\t<\/div>\n\t\t\t\t<div class=\"elementor-element elementor-element-7c807d44 elementor-widget elementor-widget-text-editor\" data-id=\"7c807d44\" data-element_type=\"widget\" data-e-type=\"widget\" data-widget_type=\"text-editor.default\">\n\t\t\t\t<div class=\"elementor-widget-container\">\n\t\t\t\t\t\t\t\t\t<p>Caso tenha restri\u00e7\u00f5es or\u00e7ament\u00e1rias para um investimento inicial, nosso programa de comodato oferece uma op\u00e7\u00e3o vi\u00e1vel para iniciar na realiza\u00e7\u00e3o de exames sem os custos iniciais elevados, al\u00e9m de garantir in\u00fameros benef\u00edcios e ficar sempre atualizado com as tecnologias mais recentes.<\/p>\t\t\t\t\t\t\t\t<\/div>\n\t\t\t\t<\/div>\n\t\t\t\t<div class=\"elementor-element elementor-element-38d41157 elementor-align-center elementor-mobile-align-center elementor-widget elementor-widget-button\" data-id=\"38d41157\" data-element_type=\"widget\" data-e-type=\"widget\" data-widget_type=\"button.default\">\n\t\t\t\t<div class=\"elementor-widget-container\">\n\t\t\t\t\t\t\t\t\t<div class=\"elementor-button-wrapper\">\n\t\t\t\t\t<a class=\"elementor-button elementor-button-link elementor-size-sm elementor-animation-grow\" href=\"https:\/\/wa.me\/5511957901370?text=Ol%C3%A1+tenho+interesse+em+um+produto.+\">\n\t\t\t\t\t\t<span class=\"elementor-button-content-wrapper\">\n\t\t\t\t\t\t\t\t\t<span class=\"elementor-button-text\">Solicitar Or\u00e7amento<\/span>\n\t\t\t\t\t<\/span>\n\t\t\t\t\t<\/a>\n\t\t\t\t<\/div>\n\t\t\t\t\t\t\t\t<\/div>\n\t\t\t\t<\/div>\n\t\t\t\t\t<\/div>\n\t\t\t\t<\/div>\n\t\t<div class=\"jet-tricks-particles-section elementor-element elementor-element-27a65aac e-con-full e-flex e-con e-parent\" data-id=\"27a65aac\" data-element_type=\"container\" data-e-type=\"container\" data-settings=\"{&quot;background_background&quot;:&quot;classic&quot;,&quot;jet_parallax_layout_list&quot;:[]}\">\n\t\t<div class=\"elementor-element elementor-element-75756f5c e-con-full e-flex e-con e-child\" data-id=\"75756f5c\" data-element_type=\"container\" data-e-type=\"container\" data-settings=\"{&quot;jet_parallax_layout_list&quot;:[],&quot;background_background&quot;:&quot;classic&quot;}\">\n\t\t\t\t<div class=\"elementor-element elementor-element-2647a20c elementor-position-inline-start animated-slow elementor-view-default elementor-mobile-position-block-start elementor-invisible elementor-widget elementor-widget-icon-box\" data-id=\"2647a20c\" data-element_type=\"widget\" data-e-type=\"widget\" data-settings=\"{&quot;_animation&quot;:&quot;fadeIn&quot;,&quot;_animation_delay&quot;:&quot;0&quot;}\" data-widget_type=\"icon-box.default\">\n\t\t\t\t<div class=\"elementor-widget-container\">\n\t\t\t\t\t\t\t<div class=\"elementor-icon-box-wrapper\">\n\n\t\t\t\t\t\t<div class=\"elementor-icon-box-icon\">\n\t\t\t\t<span  class=\"elementor-icon elementor-animation-grow\">\n\t\t\t\t<svg xmlns=\"http:\/\/www.w3.org\/2000\/svg\" width=\"43\" height=\"43\" viewBox=\"0 0 43 43\" fill=\"none\"><circle cx=\"21.5\" cy=\"21.5\" r=\"21.5\" fill=\"url(#paint0_linear_215_3261)\"><\/circle><defs><linearGradient id=\"paint0_linear_215_3261\" x1=\"21.5112\" y1=\"-16.2781\" x2=\"21.3949\" y2=\"42.9998\" gradientUnits=\"userSpaceOnUse\"><stop stop-color=\"#FFBA7B\"><\/stop><stop offset=\"1\" stop-color=\"#FFAB2D\" stop-opacity=\"0\"><\/stop><\/linearGradient><\/defs><\/svg>\t\t\t\t<\/span>\n\t\t\t<\/div>\n\t\t\t\n\t\t\t\t\t\t<div class=\"elementor-icon-box-content\">\n\n\t\t\t\t\t\t\t\t\t<h3 class=\"elementor-icon-box-title\">\n\t\t\t\t\t\t<span  >\n\t\t\t\t\t\t\tAssist\u00eancia t\u00e9cnica instant\u00e2nea\t\t\t\t\t\t<\/span>\n\t\t\t\t\t<\/h3>\n\t\t\t\t\n\t\t\t\t\t\t\t\t\t<p class=\"elementor-icon-box-description\">\n\t\t\t\t\t\tExperimente o suporte instant\u00e2neo. Se tiver algum problema t\u00e9cnico com o aparelho, a Neurograff instantaneamente envia um novo equipamento para que o profissional consiga prosseguir com sua agenda.\t\t\t\t\t<\/p>\n\t\t\t\t\n\t\t\t<\/div>\n\t\t\t\n\t\t<\/div>\n\t\t\t\t\t\t<\/div>\n\t\t\t\t<\/div>\n\t\t\t\t<\/div>\n\t\t<div class=\"elementor-element elementor-element-60e9cb46 e-con-full e-flex e-con e-child\" data-id=\"60e9cb46\" data-element_type=\"container\" data-e-type=\"container\" data-settings=\"{&quot;jet_parallax_layout_list&quot;:[],&quot;background_background&quot;:&quot;classic&quot;}\">\n\t\t\t\t<div class=\"elementor-element elementor-element-3b193607 elementor-position-inline-start animated-slow elementor-view-default elementor-mobile-position-block-start elementor-invisible elementor-widget elementor-widget-icon-box\" data-id=\"3b193607\" data-element_type=\"widget\" data-e-type=\"widget\" data-settings=\"{&quot;_animation&quot;:&quot;fadeIn&quot;,&quot;_animation_delay&quot;:&quot;0&quot;}\" data-widget_type=\"icon-box.default\">\n\t\t\t\t<div class=\"elementor-widget-container\">\n\t\t\t\t\t\t\t<div class=\"elementor-icon-box-wrapper\">\n\n\t\t\t\t\t\t<div class=\"elementor-icon-box-icon\">\n\t\t\t\t<span  class=\"elementor-icon elementor-animation-grow\">\n\t\t\t\t<svg xmlns=\"http:\/\/www.w3.org\/2000\/svg\" width=\"43\" height=\"43\" viewBox=\"0 0 43 43\" fill=\"none\"><circle cx=\"21.5\" cy=\"21.5\" r=\"21.5\" fill=\"url(#paint0_linear_215_3257)\"><\/circle><defs><linearGradient id=\"paint0_linear_215_3257\" x1=\"21.5\" y1=\"0\" x2=\"21.5\" y2=\"43\" gradientUnits=\"userSpaceOnUse\"><stop stop-color=\"#F8C3D0\"><\/stop><stop offset=\"1\" stop-color=\"#FF27F6\" stop-opacity=\"0\"><\/stop><\/linearGradient><\/defs><\/svg>\t\t\t\t<\/span>\n\t\t\t<\/div>\n\t\t\t\n\t\t\t\t\t\t<div class=\"elementor-icon-box-content\">\n\n\t\t\t\t\t\t\t\t\t<h3 class=\"elementor-icon-box-title\">\n\t\t\t\t\t\t<span  >\n\t\t\t\t\t\t\tCalibra\u00e7\u00f5es gratu\u00edtas\t\t\t\t\t\t<\/span>\n\t\t\t\t\t<\/h3>\n\t\t\t\t\n\t\t\t\t\t\t\t\t\t<p class=\"elementor-icon-box-description\">\n\t\t\t\t\t\tDispense valores significativos com calibra\u00e7\u00f5es anuais, que para sistem\u00e1tica de comodato ser\u00e3o oferecidas gratuitamente pela Neurograff. Garanta sempre a seguran\u00e7a dos pacientes e a precis\u00e3o dos resultados dos exames.\t\t\t\t\t<\/p>\n\t\t\t\t\n\t\t\t<\/div>\n\t\t\t\n\t\t<\/div>\n\t\t\t\t\t\t<\/div>\n\t\t\t\t<\/div>\n\t\t\t\t<\/div>\n\t\t<div class=\"elementor-element elementor-element-58d8376 e-con-full e-flex e-con e-child\" data-id=\"58d8376\" data-element_type=\"container\" data-e-type=\"container\" data-settings=\"{&quot;jet_parallax_layout_list&quot;:[],&quot;background_background&quot;:&quot;classic&quot;}\">\n\t\t\t\t<div class=\"elementor-element elementor-element-3791a32b elementor-position-inline-start animated-slow elementor-view-default elementor-mobile-position-block-start elementor-invisible elementor-widget elementor-widget-icon-box\" data-id=\"3791a32b\" data-element_type=\"widget\" data-e-type=\"widget\" data-settings=\"{&quot;_animation&quot;:&quot;fadeIn&quot;,&quot;_animation_delay&quot;:&quot;200&quot;}\" data-widget_type=\"icon-box.default\">\n\t\t\t\t<div class=\"elementor-widget-container\">\n\t\t\t\t\t\t\t<div class=\"elementor-icon-box-wrapper\">\n\n\t\t\t\t\t\t<div class=\"elementor-icon-box-icon\">\n\t\t\t\t<span  class=\"elementor-icon elementor-animation-grow\">\n\t\t\t\t<svg xmlns=\"http:\/\/www.w3.org\/2000\/svg\" width=\"43\" height=\"43\" viewBox=\"0 0 43 43\" fill=\"none\"><circle cx=\"21.5\" cy=\"21.5\" r=\"21.5\" fill=\"url(#paint0_linear_215_3261)\"><\/circle><defs><linearGradient id=\"paint0_linear_215_3261\" x1=\"21.5112\" y1=\"-16.2781\" x2=\"21.3949\" y2=\"42.9998\" gradientUnits=\"userSpaceOnUse\"><stop stop-color=\"#FFBA7B\"><\/stop><stop offset=\"1\" stop-color=\"#FFAB2D\" stop-opacity=\"0\"><\/stop><\/linearGradient><\/defs><\/svg>\t\t\t\t<\/span>\n\t\t\t<\/div>\n\t\t\t\n\t\t\t\t\t\t<div class=\"elementor-icon-box-content\">\n\n\t\t\t\t\t\t\t\t\t<h3 class=\"elementor-icon-box-title\">\n\t\t\t\t\t\t<span  >\n\t\t\t\t\t\t\tAtualiza\u00e7\u00f5es constantes\t\t\t\t\t\t<\/span>\n\t\t\t\t\t<\/h3>\n\t\t\t\t\n\t\t\t\t\t\t\t\t\t<p class=\"elementor-icon-box-description\">\n\t\t\t\t\t\tCom o comodato Sivec Plus voc\u00ea se mant\u00e9m sempre atualizado com os novos recursos que forem lan\u00e7ados. A evolu\u00e7\u00e3o da tecnologia ocorre em um ritmo cada vez mais acelerado, e voc\u00ea n\u00e3o ficar\u00e1 desatualizado diante das mais recentes inova\u00e7\u00f5es.\t\t\t\t\t<\/p>\n\t\t\t\t\n\t\t\t<\/div>\n\t\t\t\n\t\t<\/div>\n\t\t\t\t\t\t<\/div>\n\t\t\t\t<\/div>\n\t\t\t\t<\/div>\n\t\t\t\t<\/div>\n\t\t\t\t<\/div>\n\t\t","protected":false},"excerpt":{"rendered":"<p>Comodato Programa de Comodato Sivec Plus Caso tenha restri\u00e7\u00f5es or\u00e7ament\u00e1rias para um investimento inicial, nosso programa de comodato oferece uma op\u00e7\u00e3o vi\u00e1vel para iniciar na realiza\u00e7\u00e3o de exames sem os custos iniciais elevados, al\u00e9m de garantir in\u00fameros benef\u00edcios e ficar sempre atualizado com as tecnologias mais recentes. Solicitar Or\u00e7amento Assist\u00eancia t\u00e9cnica instant\u00e2nea Experimente o suporte [&hellip;]<\/p>\n","protected":false},"author":1,"featured_media":0,"parent":0,"menu_order":0,"comment_status":"closed","ping_status":"closed","template":"","meta":{"_jet_sm_ready_style":"","_jet_sm_style":"","_jet_sm_controls_values":"","_jet_sm_fonts_collection":"","_jet_sm_fonts_links":"","footnotes":""},"class_list":["post-2266","page","type-page","status-publish","hentry"],"_links":{"self":[{"href":"https:\/\/neurograff.com.br\/index.php?rest_route=\/wp\/v2\/pages\/2266","targetHints":{"allow":["GET"]}}],"collection":[{"href":"https:\/\/neurograff.com.br\/index.php?rest_route=\/wp\/v2\/pages"}],"about":[{"href":"https:\/\/neurograff.com.br\/index.php?rest_route=\/wp\/v2\/types\/page"}],"author":[{"embeddable":true,"href":"https:\/\/neurograff.com.br\/index.php?rest_route=\/wp\/v2\/users\/1"}],"replies":[{"embeddable":true,"href":"https:\/\/neurograff.com.br\/index.php?rest_route=%2Fwp%2Fv2%2Fcomments&post=2266"}],"version-history":[{"count":106,"href":"https:\/\/neurograff.com.br\/index.php?rest_route=\/wp\/v2\/pages\/2266\/revisions"}],"predecessor-version":[{"id":7993,"href":"https:\/\/neurograff.com.br\/index.php?rest_route=\/wp\/v2\/pages\/2266\/revisions\/7993"}],"wp:attachment":[{"href":"https:\/\/neurograff.com.br\/index.php?rest_route=%2Fwp%2Fv2%2Fmedia&parent=2266"}],"curies":[{"name":"wp","href":"https:\/\/api.w.org\/{rel}","templated":true}]}}