{"id":1487,"date":"2024-05-06T10:38:23","date_gmt":"2024-05-06T13:38:23","guid":{"rendered":"https:\/\/neurograff.com.br\/?page_id=1487"},"modified":"2024-05-16T13:59:01","modified_gmt":"2024-05-16T16:59:01","slug":"blog","status":"publish","type":"page","link":"https:\/\/neurograff.com.br\/?page_id=1487","title":{"rendered":"Blog"},"content":{"rendered":"\t\t<div data-elementor-type=\"wp-page\" data-elementor-id=\"1487\" class=\"elementor elementor-1487\" data-elementor-post-type=\"page\">\n\t\t\t\t\t\t<section class=\"elementor-section elementor-top-section elementor-element elementor-element-7f9413f4 elementor-section-full_width elementor-section-height-default elementor-section-height-default\" data-id=\"7f9413f4\" data-element_type=\"section\" data-e-type=\"section\" data-settings=\"{&quot;jet_parallax_layout_list&quot;:[],&quot;background_background&quot;:&quot;classic&quot;}\">\n\t\t\t\t\t\t<div class=\"elementor-container elementor-column-gap-default\">\n\t\t\t\t\t<div class=\"elementor-column elementor-col-100 elementor-top-column elementor-element elementor-element-11d1f2af\" data-id=\"11d1f2af\" data-element_type=\"column\" data-e-type=\"column\">\n\t\t\t<div class=\"elementor-widget-wrap elementor-element-populated\">\n\t\t\t\t\t\t<div class=\"elementor-element elementor-element-7bb4a9d1 elementor-widget elementor-widget-jet-slider\" data-id=\"7bb4a9d1\" data-element_type=\"widget\" data-e-type=\"widget\" data-settings=\"{&quot;slider_height&quot;:{&quot;unit&quot;:&quot;px&quot;,&quot;size&quot;:600,&quot;sizes&quot;:[]},&quot;slider_height_tablet&quot;:{&quot;unit&quot;:&quot;px&quot;,&quot;size&quot;:&quot;&quot;,&quot;sizes&quot;:[]},&quot;slider_height_mobile&quot;:{&quot;unit&quot;:&quot;px&quot;,&quot;size&quot;:&quot;&quot;,&quot;sizes&quot;:[]}}\" data-widget_type=\"jet-slider.default\">\n\t\t\t\t<div class=\"elementor-widget-container\">\n\t\t\t\t\t<div class=\"elementor-jet-slider jet-elements\">\n<div class=\"jet-slider jet-slider__image-exact\" data-settings='{\"sliderWidth\":{\"unit\":\"%\",\"size\":100,\"sizes\":[]},\"sliderHeight\":{\"unit\":\"px\",\"size\":600,\"sizes\":[]},\"sliderNavigation\":true,\"sliderNavigationIcon\":\"jet-slider__arrow-icon-7bb4a9d1\",\"sliderNaviOnHover\":false,\"sliderPagination\":false,\"sliderAutoplay\":true,\"sliderAutoplayDelay\":8000,\"sliderAutoplayOnHover\":\"pause\",\"sliderFullScreen\":false,\"sliderFullscreenIcon\":\"jet-slider__fullscreen-icon-7bb4a9d1\",\"sliderShuffle\":false,\"sliderLoop\":true,\"sliderFadeMode\":false,\"slideDistance\":{\"unit\":\"px\",\"size\":0,\"sizes\":[]},\"slideDuration\":500,\"imageScaleMode\":\"exact\",\"thumbnails\":false,\"thumbnailWidth\":120,\"thumbnailHeight\":80,\"rightToLeft\":false,\"touchswipe\":true,\"fractionPag\":false}'>\n\t\n<div  class=\"slider-pro\"><div class=\"jet-slider__arrow-icon-7bb4a9d1 hidden-html\"><svg aria-hidden=\"true\" class=\"e-font-icon-svg e-fas-angle-left\" viewBox=\"0 0 256 512\" xmlns=\"http:\/\/www.w3.org\/2000\/svg\"><path d=\"M31.7 239l136-136c9.4-9.4 24.6-9.4 33.9 0l22.6 22.6c9.4 9.4 9.4 24.6 0 33.9L127.9 256l96.4 96.4c9.4 9.4 9.4 24.6 0 33.9L201.7 409c-9.4 9.4-24.6 9.4-33.9 0l-136-136c-9.5-9.4-9.5-24.6-.1-34z\"><\/path><\/svg><\/div><div class=\"jet-slider__fullscreen-icon-7bb4a9d1 hidden-html\"><\/div><div class=\"jet-slider__items sp-slides\">\n\n\n<div  class=\"jet-slider__item sp-slide elementor-repeater-item-iep4m9f\"><img decoding=\"async\" class=\"sp-image\" src=\"https:\/\/neurograff.com.br\/wp-content\/uploads\/2024\/05\/abstract-blur-hospital-1024x683.jpg\" alt=\"Abstract blur beautiful clinic and hospital interior for background\" loading=\"lazy\"><div class=\"jet-slider__content sp-layer \" data-position=\"centerCenter\" data-width=\"100%\" data-height=\"100%\" data-horizontal=\"0%\" data-show-transition=\"up\" data-show-duration=\"400\" data-show-delay=\"400\" >\n\t\t<div class=\"jet-slider__content-item\">\n\t\t\t<div class=\"jet-slider__content-inner\"><h5 class=\"jet-slider__title\">Pesquisa Vecto Neurograff<\/h5><h5 class=\"jet-slider__subtitle\">Avalia\u00e7\u00e3o oculomotora em pacientes com disfun\u00e7\u00e3o vestibular perif\u00e9rica<\/h5><div class=\"jet-slider__desc\">Objetivo: Verificar se os par\u00e2metros dos movimentos\nsac\u00e1dicos fixos e randomizados, do rastreio pendular e do\nnistagmo optocin\u00e9tico na vectonistagmografia digital podem\napresentar altera\u00e7\u00f5es em pacientes com hip\u00f3tese diagn\u00f3stica\nde disfun\u00e7\u00e3o vestibular perif\u00e9rica.<\/div>\n\t\t\t\t\t\t<div class=\"jet-slider__button-wrapper\"><a class=\"elementor-button elementor-size-md jet-slider__button jet-slider__button--primary\" href=\"https:\/\/neurograff.com.br\/?p=5030\">Leia mais<\/a>\t\t\t\t\t\t<\/div><\/div>\n\t\t<\/div>\n\t\t\t<\/div>\n<\/div>\n\n<div  class=\"jet-slider__item sp-slide elementor-repeater-item-adsj0p0\"><img decoding=\"async\" class=\"sp-image\" src=\"https:\/\/neurograff.com.br\/wp-content\/uploads\/2024\/05\/Sem-titulo-2-1024x683.png\" alt=\"Sem-t\u00edtulo\" loading=\"lazy\"><div class=\"jet-slider__content sp-layer \" data-position=\"centerCenter\" data-width=\"100%\" data-height=\"100%\" data-horizontal=\"0%\" data-show-transition=\"up\" data-show-duration=\"400\" data-show-delay=\"400\" >\n\t\t<div class=\"jet-slider__content-item\">\n\t\t\t<div class=\"jet-slider__content-inner\"><h5 class=\"jet-slider__title\">Pesquisa Vecto Neurograff<\/h5><h5 class=\"jet-slider__subtitle\">Estudo das provas oculomotoras e vestibulares por meio da vectonistagmografia digital<\/h5><div class=\"jet-slider__desc\">O objetivo deste trabalho consistiu em verificar se os par\u00e2metros e valores de\nnormalidade nas provas oculomotoras e vestibulares desse exame permanecem os mesmos ap\u00f3s as\nmodifica\u00e7\u00f5es realizadas no software deste equipamento. Sendo assim, 32 h\u00edgidos com idades entre 18 e\n40 anos foram submetidos \u00e0 bateria de testes que fazem parte desse exame.<\/div>\n\t\t\t\t\t\t<div class=\"jet-slider__button-wrapper\"><a class=\"elementor-button elementor-size-md jet-slider__button jet-slider__button--primary\" href=\"https:\/\/neurograff.com.br\/?p=5040\">Leia mais<\/a>\t\t\t\t\t\t<\/div><\/div>\n\t\t<\/div>\n\t\t\t<\/div>\n<\/div>\n\n<\/div>\n<\/div>\n<\/div>\n<\/div>\t\t\t\t<\/div>\n\t\t\t\t<\/div>\n\t\t\t\t\t<\/div>\n\t\t<\/div>\n\t\t\t\t\t<\/div>\n\t\t<\/section>\n\t\t\t\t<section class=\"jet-tricks-particles-section elementor-section elementor-top-section elementor-element elementor-element-7d39c95c elementor-section-full_width elementor-section-height-default elementor-section-height-default\" data-id=\"7d39c95c\" data-element_type=\"section\" data-e-type=\"section\" data-settings=\"{&quot;jet_parallax_layout_list&quot;:[],&quot;background_background&quot;:&quot;gradient&quot;}\">\n\t\t\t\t\t\t<div class=\"elementor-container elementor-column-gap-default\">\n\t\t\t\t\t<div class=\"elementor-column elementor-col-100 elementor-top-column elementor-element elementor-element-74eaca69\" data-id=\"74eaca69\" data-element_type=\"column\" data-e-type=\"column\">\n\t\t\t<div class=\"elementor-widget-wrap elementor-element-populated\">\n\t\t\t\t\t\t<div class=\"elementor-element elementor-element-4086ffac elementor-widget elementor-widget-jet-animated-text\" data-id=\"4086ffac\" data-element_type=\"widget\" data-e-type=\"widget\" data-widget_type=\"jet-animated-text.default\">\n\t\t\t\t<div class=\"elementor-widget-container\">\n\t\t\t\t\t<div class=\"elementor-jet-animated-text jet-elements\">\n<div class=\"jet-animated-text jet-animated-text--effect-fx12\" data-settings='{\"effect\":\"fx12\",\"delay\":2000}'>\n\t<div class=\"jet-animated-text__before-text\">\n\t<span>Mais<\/span>&nbsp;<span>conteudo<\/span>&nbsp;<\/div>\n\t<div class=\"jet-animated-text__animated-text\">\n<div class=\"jet-animated-text__animated-text-item active visible\" dir=\"ltr\">\n\t<span>d<\/span><span>i<\/span><span>n<\/span><span>\u00e2<\/span><span>m<\/span><span>i<\/span><span>c<\/span><span>o<\/span>&nbsp;<\/div>\n<div class=\"jet-animated-text__animated-text-item\" dir=\"ltr\">\n\t<span>e<\/span><span>s<\/span><span>t<\/span><span>r<\/span><span>a<\/span><span>t<\/span><span>\u00e9<\/span><span>g<\/span><span>i<\/span><span>c<\/span><span>o<\/span>&nbsp;<\/div>\n<div class=\"jet-animated-text__animated-text-item\" dir=\"ltr\">\n\t<span>e<\/span><span>x<\/span><span>c<\/span><span>e<\/span><span>l<\/span><span>e<\/span><span>n<\/span><span>t<\/span><span>e<\/span>&nbsp;<\/div>\n<\/div>\t<div class=\"jet-animated-text__after-text\">\n\t<span>tudo<\/span>&nbsp;<span>para<\/span>&nbsp;<span>voce!<\/span><\/div><\/div><\/div>\t\t\t\t<\/div>\n\t\t\t\t<\/div>\n\t\t\t\t<div class=\"elementor-element elementor-element-17ecdf8 elementor-widget elementor-widget-jet-posts\" data-id=\"17ecdf8\" data-element_type=\"widget\" data-e-type=\"widget\" data-settings=\"{&quot;columns&quot;:&quot;1&quot;}\" data-widget_type=\"jet-posts.default\">\n\t\t\t\t<div class=\"elementor-widget-container\">\n\t\t\t\t\t<div class=\"elementor-jet-posts jet-elements\"><div class=\"jet-carousel elementor-slick-slider\" data-slider_options=\"{&quot;autoplaySpeed&quot;:5000,&quot;autoplay&quot;:true,&quot;infinite&quot;:true,&quot;pauseOnHover&quot;:false,&quot;speed&quot;:500,&quot;arrows&quot;:true,&quot;dots&quot;:false,&quot;slidesToScroll&quot;:1,&quot;prevArrow&quot;:&quot;.jet-posts__prev-arrow-17ecdf8&quot;,&quot;nextArrow&quot;:&quot;.jet-posts__next-arrow-17ecdf8&quot;,&quot;rtl&quot;:false,&quot;fade&quot;:false}\" dir=\"ltr\"><div class=\"jet-posts col-row \"><div class=\"jet-posts__prev-arrow-17ecdf8 jet-arrow prev-arrow\"><i class=\"fa fa-chevron-left\" aria-hidden=\"true\"><\/i><\/div><div class=\"jet-posts__next-arrow-17ecdf8 jet-arrow next-arrow\"><i class=\"fa fa-chevron-right\" aria-hidden=\"true\"><\/i><\/div><div class=\"jet-posts__item\">\n\t<div class=\"jet-posts__inner-box\"><div class=\"jet-posts__inner-content\"><h1 class=\"entry-title\"><a href=\"https:\/\/neurograff.com.br\/?p=5040\" target=\"\">Estudo das provas oculomotoras e vestibulares por meio da vectonistagmografia digital<\/a><\/h1><div class=\"entry-excerpt\">Resumo O programa utilizado para a realiza\u00e7\u00e3o da Vectonistagmografia Computadorizada (desenvolvido pela Neurograff Eletromedicina Ind. &amp; Com. Ltda.) foi modificado a fim de tornar o exame mais sens\u00edvel. Por essa raz\u00e3o, surgiu a necessidade de uma nova pesquisa para estabelecer novos par\u00e2metros para os testes que o comp\u00f5em. O objetivo&hellip;<\/div><div class=\"jet-more-wrap\"><a href=\"https:\/\/neurograff.com.br\/?p=5040\" class=\"btn btn-primary elementor-button elementor-size-md jet-more\" target=\"\"><span class=\"btn__text\">Leia mais<\/span><\/a><\/div><\/div><\/div>\n<\/div>\n<div class=\"jet-posts__item\">\n\t<div class=\"jet-posts__inner-box\"><div class=\"jet-posts__inner-content\"><h1 class=\"entry-title\"><a href=\"https:\/\/neurograff.com.br\/?p=5030\" target=\"\">Avalia\u00e7\u00e3o oculomotora em pacientes com disfun\u00e7\u00e3o vestibular perif\u00e9rica<\/a><\/h1><div class=\"entry-excerpt\">Objetivo: Verificar se os par\u00e2metros dos movimentos sac\u00e1dicos fixos e randomizados, do rastreio pendular e do nistagmo optocin\u00e9tico na vectonistagmografia digital podem apresentar altera\u00e7\u00f5es em pacientes com hip\u00f3tese diagn\u00f3stica de disfun\u00e7\u00e3o vestibular perif\u00e9rica. M\u00e9todo: Foram avaliados 60 pacientes, de ambos os sexos, com tontura de origem vestibular perif\u00e9rica e idade&hellip;<\/div><div class=\"jet-more-wrap\"><a href=\"https:\/\/neurograff.com.br\/?p=5030\" class=\"btn btn-primary elementor-button elementor-size-md jet-more\" target=\"\"><span class=\"btn__text\">Leia mais<\/span><\/a><\/div><\/div><\/div>\n<\/div>\n<\/div>\n<\/div><\/div>\t\t\t\t<\/div>\n\t\t\t\t<\/div>\n\t\t\t\t<div class=\"elementor-element elementor-element-2fe9d37 elementor-widget elementor-widget-heading\" data-id=\"2fe9d37\" data-element_type=\"widget\" data-e-type=\"widget\" data-widget_type=\"heading.default\">\n\t\t\t\t<div class=\"elementor-widget-container\">\n\t\t\t\t\t<h2 class=\"elementor-heading-title elementor-size-default\">Post's Recentes<\/h2>\t\t\t\t<\/div>\n\t\t\t\t<\/div>\n\t\t\t\t<div class=\"elementor-element elementor-element-52bddd65 elementor-widget elementor-widget-jet-posts\" data-id=\"52bddd65\" data-element_type=\"widget\" data-e-type=\"widget\" data-settings=\"{&quot;columns&quot;:&quot;3&quot;,&quot;slides_to_scroll&quot;:&quot;1&quot;}\" data-widget_type=\"jet-posts.default\">\n\t\t\t\t<div class=\"elementor-widget-container\">\n\t\t\t\t\t<div class=\"elementor-jet-posts jet-elements\"><div class=\"jet-posts col-row disable-rows-gap\"><div class=\"jet-posts__item\">\n\t<div class=\"jet-posts__inner-box\"><div class=\"jet-posts__inner-content\"><h1 class=\"entry-title\"><a href=\"https:\/\/neurograff.com.br\/?p=5040\" target=\"\">Estudo das provas oculomotoras e vestibulares por meio da vectonistagmografia digital<\/a><\/h1><div class=\"entry-excerpt\">Resumo O programa utilizado para a realiza\u00e7\u00e3o da Vectonistagmografia Computadorizada (desenvolvido pela Neurograff Eletromedicina Ind. &amp; Com. Ltda.) foi modificado&hellip;<\/div><div class=\"jet-more-wrap\"><a href=\"https:\/\/neurograff.com.br\/?p=5040\" class=\"btn btn-primary elementor-button elementor-size-md jet-more\" target=\"\"><span class=\"btn__text\">Leia mais<\/span><\/a><\/div><\/div><\/div>\n<\/div>\n<div class=\"jet-posts__item\">\n\t<div class=\"jet-posts__inner-box\"><div class=\"jet-posts__inner-content\"><h1 class=\"entry-title\"><a href=\"https:\/\/neurograff.com.br\/?p=5030\" target=\"\">Avalia\u00e7\u00e3o oculomotora em pacientes com disfun\u00e7\u00e3o vestibular perif\u00e9rica<\/a><\/h1><div class=\"entry-excerpt\">Objetivo: Verificar se os par\u00e2metros dos movimentos sac\u00e1dicos fixos e randomizados, do rastreio pendular e do nistagmo optocin\u00e9tico na vectonistagmografia&hellip;<\/div><div class=\"jet-more-wrap\"><a href=\"https:\/\/neurograff.com.br\/?p=5030\" class=\"btn btn-primary elementor-button elementor-size-md jet-more\" target=\"\"><span class=\"btn__text\">Leia mais<\/span><\/a><\/div><\/div><\/div>\n<\/div>\n<\/div>\n<\/div>\t\t\t\t<\/div>\n\t\t\t\t<\/div>\n\t\t\t\t\t<\/div>\n\t\t<\/div>\n\t\t\t\t\t<\/div>\n\t\t<\/section>\n\t\t\t\t<\/div>\n\t\t","protected":false},"excerpt":{"rendered":"<p>Pesquisa Vecto Neurograff Avalia\u00e7\u00e3o oculomotora em pacientes com disfun\u00e7\u00e3o vestibular perif\u00e9rica Objetivo: Verificar se os par\u00e2metros dos movimentos sac\u00e1dicos fixos e randomizados, do rastreio pendular e do nistagmo optocin\u00e9tico na vectonistagmografia digital podem apresentar altera\u00e7\u00f5es em pacientes com hip\u00f3tese diagn\u00f3stica de disfun\u00e7\u00e3o vestibular perif\u00e9rica. Leia mais Pesquisa Vecto Neurograff Estudo das provas oculomotoras e vestibulares [&hellip;]<\/p>\n","protected":false},"author":1,"featured_media":0,"parent":0,"menu_order":0,"comment_status":"closed","ping_status":"closed","template":"","meta":{"_jet_sm_ready_style":"","_jet_sm_style":"","_jet_sm_controls_values":"","_jet_sm_fonts_collection":"","_jet_sm_fonts_links":"","footnotes":""},"class_list":["post-1487","page","type-page","status-publish","hentry"],"_links":{"self":[{"href":"https:\/\/neurograff.com.br\/index.php?rest_route=\/wp\/v2\/pages\/1487","targetHints":{"allow":["GET"]}}],"collection":[{"href":"https:\/\/neurograff.com.br\/index.php?rest_route=\/wp\/v2\/pages"}],"about":[{"href":"https:\/\/neurograff.com.br\/index.php?rest_route=\/wp\/v2\/types\/page"}],"author":[{"embeddable":true,"href":"https:\/\/neurograff.com.br\/index.php?rest_route=\/wp\/v2\/users\/1"}],"replies":[{"embeddable":true,"href":"https:\/\/neurograff.com.br\/index.php?rest_route=%2Fwp%2Fv2%2Fcomments&post=1487"}],"version-history":[{"count":293,"href":"https:\/\/neurograff.com.br\/index.php?rest_route=\/wp\/v2\/pages\/1487\/revisions"}],"predecessor-version":[{"id":5064,"href":"https:\/\/neurograff.com.br\/index.php?rest_route=\/wp\/v2\/pages\/1487\/revisions\/5064"}],"wp:attachment":[{"href":"https:\/\/neurograff.com.br\/index.php?rest_route=%2Fwp%2Fv2%2Fmedia&parent=1487"}],"curies":[{"name":"wp","href":"https:\/\/api.w.org\/{rel}","templated":true}]}}